{"id":723,"date":"2021-01-05T11:35:09","date_gmt":"2021-01-05T11:35:09","guid":{"rendered":"https:\/\/www.vakantiehuizenfrankenau.nl\/bewertungen\/"},"modified":"2021-01-05T11:35:11","modified_gmt":"2021-01-05T11:35:11","slug":"bewertungen","status":"publish","type":"page","link":"https:\/\/www.vakantiehuizenfrankenau.nl\/de\/bewertungen\/","title":{"rendered":"Bewertungen"},"content":{"rendered":"<p>[et_pb_section fb_built=&#8220;1&#8243; fullwidth=&#8220;on&#8220; _builder_version=&#8220;3.1.1&#8243;][et_pb_fullwidth_slider _builder_version=&#8220;3.4.1&#8243; auto=&#8220;on&#8220; auto_speed=&#8220;5500&#8243; global_module=&#8220;93&#8243;][et_pb_slide _builder_version=&#8220;3.4.1&#8243; background_color=&#8220;#ffffff&#8220; background_image=&#8220;https:\/\/www.vakantiehuizenfrankenau.nl\/wp-content\/uploads\/2018\/05\/Header3.jpg&#8220; background_position=&#8220;bottom_center&#8220;][\/et_pb_slide][et_pb_slide _builder_version=&#8220;3.1.1&#8243; background_color=&#8220;#ffffff&#8220; background_image=&#8220;https:\/\/www.vakantiehuizenfrankenau.nl\/wp-content\/uploads\/2018\/04\/Header.jpg&#8220;][\/et_pb_slide][et_pb_slide _builder_version=&#8220;3.4.1&#8243; background_color=&#8220;#ffffff&#8220; background_image=&#8220;https:\/\/www.vakantiehuizenfrankenau.nl\/wp-content\/uploads\/2018\/05\/Header4.jpg&#8220; background_position=&#8220;top_center&#8220;][\/et_pb_slide][et_pb_slide _builder_version=&#8220;3.1.1&#8243; background_color=&#8220;#ffffff&#8220; background_image=&#8220;https:\/\/www.vakantiehuizenfrankenau.nl\/wp-content\/uploads\/2018\/04\/Header-2.jpg&#8220; background_position=&#8220;bottom_center&#8220;][\/et_pb_slide][\/et_pb_fullwidth_slider][\/et_pb_section][et_pb_section fb_built=&#8220;1&#8243; _builder_version=&#8220;3.9&#8243; background_color=&#8220;#e02b20&#8243; custom_padding=&#8220;16px|0px|0|0px|false|false&#8220; global_module=&#8220;275&#8243;][et_pb_row custom_padding=&#8220;0|0px|0|0px|false|false&#8220; _builder_version=&#8220;3.0.48&#8243; background_size=&#8220;initial&#8220; background_position=&#8220;top_left&#8220; background_repeat=&#8220;repeat&#8220;][et_pb_column type=&#8220;4_4&#8243; _builder_version=&#8220;3.0.47&#8243; parallax=&#8220;off&#8220; parallax_method=&#8220;on&#8220;][et_pb_cta title=&#8220;F\u00fcr Preise und Verf\u00fcgbarkeit rufen Sie uns heute noch an!&#8220; _builder_version=&#8220;3.9&#8243; use_background_color=&#8220;off&#8220;]<\/p>\n<h3>0317 314 238<\/h3>\n<p>[\/et_pb_cta][\/et_pb_column][\/et_pb_row][\/et_pb_section][et_pb_section fb_built=&#8220;1&#8243; _builder_version=&#8220;3.4.1&#8243;][et_pb_row custom_padding=&#8220;0|0px|27px|0px|false|false&#8220; _builder_version=&#8220;3.4.1&#8243;][et_pb_column type=&#8220;4_4&#8243; _builder_version=&#8220;3.0.47&#8243; parallax=&#8220;off&#8220; parallax_method=&#8220;on&#8220;][et_pb_testimonial author=&#8220;Isma Wijnhoud&#8220; quote_icon=&#8220;off&#8220; _builder_version=&#8220;3.4.1&#8243;]Um den Jahreswechsel 2014\/2015 haben wir mit 8 Erwachsenen, 2 Kindern und 1 Baby beide H\u00e4user gemietet. Bei der Ankunft war es ziemlich kalt, es dauerte eine Weile bis beide Stockwerke beheizt waren, aber danach haben wir den Aufenthalt wirklich genossen.<\/p>\n<p>Es sind vollst\u00e4ndig ausgestattete H\u00e4user und al alles wurde gedacht. Vom Eierbecher, bis zu Brettspielen, wirklich ein komplettes Haus! Dar\u00fcber hinaus ist die Umgebung wundersch\u00f6n. Es sind sehr sch\u00f6ne H\u00e4user die eine richtige \u201cDeutsche\u201d Ausstrahlung haben. Wir hatten Gl\u00fcck dass Schnee gab und man in kurzer Entfernung zu einem Skigebiet gelangt.<\/p>\n<p>Wir hatten sehr angenehme Tage hier und w\u00fcrden diese Unterkunft jedem empfehlen!<br \/>\n[\/et_pb_testimonial][et_pb_testimonial author=&#8220;Jan en Trudy&#8220; quote_icon=&#8220;off&#8220; _builder_version=&#8220;3.4.1&#8243;]<span style=\"font-size: 14px;\">Wir haben ein langes Wochenende in Frankenaus und seiner Umgebung genossen. Die Aussicht vom Haus auf die Stadt Frankenau ist wunderbar. <\/span><\/p>\n<p>Der Wald mit vielen Wanderm\u00f6glichkeiten in Reichweite. Die Leute in dieser Gegend sind sehr freundlich und die Natur ist wundersch\u00f6n<\/p>\n<p>Beim Sonnenuntergang haben wir viel gesehen. W\u00e4hrend wir eine angenehme Gesellschaft genossen, konnten wir viel von der Gegend erkundigen und genie\u00dfen.<\/p>\n<p>Wir hatten viel Gl\u00fcck mit dem Wetter. Besonders beeindruckend waren der leere Edersee und die Br\u00fccke von Asel, die sich jetzt vollst\u00e4ndig \u00fcber Wasser befand. Wir haben das Haus selber als sehr komfortabel und super sauber empfunden. Kurz gesagt, wir kommen zur\u00fcck!<br \/>\n[\/et_pb_testimonial][et_pb_testimonial author=&#8220;Familie van Dijk&#8220; quote_icon=&#8220;off&#8220; _builder_version=&#8220;3.4.1&#8243;]Was f\u00fcr ein sch\u00f6ner Film \u00fcber Sternberg 209\/211.<\/p>\n<p>Wir haben auch, es ist eine Weile her, es war n\u00e4mlich im August, wo wir einen wundersch\u00f6nen Urlaub erlebten in diesem Ferienhaus.<\/p>\n<p>Das Anschauen dieses Films war daher wirklich eine sch\u00f6ne Erinnerung.<\/p>\n<p>Aber nicht nur das Haus ist wundersch\u00f6n um Urlaub zu feiern, sondern auch die Umgebung von Frankenau ist wundersch\u00f6n. Wir k\u00f6nnen dieses Haus und die Umgebung daher auch nur empfehlen!<\/p>\n<p>F\u00fcr uns lohnt es sich auf jeden Fall nochmal zur\u00fcck zu kommen.<strong> <\/strong><br \/>\n[\/et_pb_testimonial][et_pb_testimonial author=&#8220;die Enzerinkjes&#8220; quote_icon=&#8220;off&#8220; _builder_version=&#8220;3.4.1&#8243;]Zum dritten Mal verbrachten wir einen Urlaub in diesem sch\u00f6nen, gem\u00fctlichen und sauberen Haus in Frankenau.<\/p>\n<p>Wir finden es ein sehr sch\u00f6nes Ferienhaus in wundersch\u00f6ner Umgebung.<\/p>\n<p>Diesmal machten wir einen Ausflug in den Wildpark, den Wildtierpark Edersee in Edertal-Hemfurth.<\/p>\n<p>Allein schon die Fahrt dorthin war wunderbar. Ein sehr sch\u00f6ner Park, in dem man an alle Tierarten vorbeikommt, vom Eber, \u00fcber Wolf, Hirsch und Eule.<\/p>\n<p>Das was uns am besten gefallen hat, war, dass man zwischen den Hirschen spazieren kann und sie sogar f\u00fcttern kann. Ebenfalls haben wir den sch\u00f6nen Dam am Edersee gesehen, ein Besuch wert, die Stadt Korbach, mit seiner sch\u00f6nen Altstadt.<\/p>\n<p>Alles in allem ein paar wundervolle Tage in Frankenau und dies war sicherlich nicht das letzte Mal!<br \/>\n[\/et_pb_testimonial][et_pb_testimonial author=&#8220;Daan &#8220; quote_icon=&#8220;off&#8220; _builder_version=&#8220;3.4.1&#8243;]Wir waren letztes Wochenende im sch\u00f6nen Frankenau und es hat uns sehr gut gefallen, es war viel sch\u00f6ner und besser als wir erwartet haben. Sehr ordentliches und sauberes Haus, alles was man braucht ist vorhanden. Wir waren mit einer Gruppe von 11 Personen, also haben wir beide Wohnungen gemietet.<\/p>\n<p>Wir hatten ein tolles Wochenende und auch Schnee. Das Preis-Leistungsverh\u00e4ltnis ist sehr gut. Wenig Geld f\u00fcr diese Wohnung . Die Umgebung ist ebenfalls sehr sch\u00f6n, au\u00dferdem auch ruhig und au\u00dferhalb vom Tourismus.<\/p>\n<p>Wir werden es auf jedem Fall unserem Umfeld das Haus weiter empfehlen.<\/p>\n<p>Fam. Nicolaij, vielen Dank dass wir Ihr Haus benutzen durften.<strong> <\/strong><br \/>\n[\/et_pb_testimonial][et_pb_testimonial author=&#8220;Cora en Edward&#8220; quote_icon=&#8220;off&#8220; _builder_version=&#8220;3.4.1&#8243;]Wir waren schon zum 6. Mal in Frankenaus, zum ersten Mal allerding im Sommer. Es bleibt einfach ein wundervoller Ort mit einer v\u00f6llig anderen Aussicht in den Sommermonaten. Tiefgelbe Felder mit reifem Getreide. Ausgeruht, aber auch neue Dinge unternommen diesmal, wie das Maislabyrinth und zum Diemelsee zum Tretbootfahren und Schwimmen. K\u00f6stlich gegessen in der Pizzeria in Frankenau. Wir werden auf jeden Fall wiederkommen, die Kinder fragten schon: Wann&#8230;<\/p>\n<p>Bis bald!<br \/>\n[\/et_pb_testimonial][\/et_pb_column][\/et_pb_row][\/et_pb_section]<\/p>\n","protected":false},"excerpt":{"rendered":"<p>0317 314 238Um den Jahreswechsel 2014\/2015 haben wir mit 8 Erwachsenen, 2 Kindern und 1 Baby beide H\u00e4user gemietet. Bei der Ankunft war es ziemlich kalt, es dauerte eine Weile bis beide Stockwerke beheizt waren, aber danach haben wir den Aufenthalt wirklich genossen. Es sind vollst\u00e4ndig ausgestattete H\u00e4user und al alles wurde gedacht. Vom Eierbecher, [&hellip;]<\/p>\n","protected":false},"author":1,"featured_media":0,"parent":0,"menu_order":0,"comment_status":"closed","ping_status":"closed","template":"","meta":{"_et_pb_use_builder":"on","_et_pb_old_content":"","_et_gb_content_width":"","footnotes":""},"class_list":["post-723","page","type-page","status-publish","hentry"],"_links":{"self":[{"href":"https:\/\/www.vakantiehuizenfrankenau.nl\/de\/wp-json\/wp\/v2\/pages\/723","targetHints":{"allow":["GET"]}}],"collection":[{"href":"https:\/\/www.vakantiehuizenfrankenau.nl\/de\/wp-json\/wp\/v2\/pages"}],"about":[{"href":"https:\/\/www.vakantiehuizenfrankenau.nl\/de\/wp-json\/wp\/v2\/types\/page"}],"author":[{"embeddable":true,"href":"https:\/\/www.vakantiehuizenfrankenau.nl\/de\/wp-json\/wp\/v2\/users\/1"}],"replies":[{"embeddable":true,"href":"https:\/\/www.vakantiehuizenfrankenau.nl\/de\/wp-json\/wp\/v2\/comments?post=723"}],"version-history":[{"count":0,"href":"https:\/\/www.vakantiehuizenfrankenau.nl\/de\/wp-json\/wp\/v2\/pages\/723\/revisions"}],"wp:attachment":[{"href":"https:\/\/www.vakantiehuizenfrankenau.nl\/de\/wp-json\/wp\/v2\/media?parent=723"}],"curies":[{"name":"wp","href":"https:\/\/api.w.org\/{rel}","templated":true}]}}