{"id":715,"date":"2021-01-05T10:10:18","date_gmt":"2021-01-05T10:10:18","guid":{"rendered":"https:\/\/www.vakantiehuizenfrankenau.nl\/umgebung\/"},"modified":"2021-01-05T10:10:19","modified_gmt":"2021-01-05T10:10:19","slug":"umgebung","status":"publish","type":"page","link":"https:\/\/www.vakantiehuizenfrankenau.nl\/de\/umgebung\/","title":{"rendered":"Umgebung"},"content":{"rendered":"<p>[et_pb_section fb_built=&#8220;1&#8243; fullwidth=&#8220;on&#8220; _builder_version=&#8220;3.1.1&#8243;][et_pb_fullwidth_slider _builder_version=&#8220;3.4.1&#8243; auto=&#8220;on&#8220; auto_speed=&#8220;5500&#8243; global_module=&#8220;93&#8243;][et_pb_slide _builder_version=&#8220;3.4.1&#8243; background_color=&#8220;#ffffff&#8220; background_image=&#8220;https:\/\/www.vakantiehuizenfrankenau.nl\/wp-content\/uploads\/2018\/05\/Header3.jpg&#8220; background_position=&#8220;bottom_center&#8220;][\/et_pb_slide][et_pb_slide _builder_version=&#8220;3.1.1&#8243; background_color=&#8220;#ffffff&#8220; background_image=&#8220;https:\/\/www.vakantiehuizenfrankenau.nl\/wp-content\/uploads\/2018\/04\/Header.jpg&#8220;][\/et_pb_slide][et_pb_slide _builder_version=&#8220;3.4.1&#8243; background_color=&#8220;#ffffff&#8220; background_image=&#8220;https:\/\/www.vakantiehuizenfrankenau.nl\/wp-content\/uploads\/2018\/05\/Header4.jpg&#8220; background_position=&#8220;top_center&#8220;][\/et_pb_slide][et_pb_slide _builder_version=&#8220;3.1.1&#8243; background_color=&#8220;#ffffff&#8220; background_image=&#8220;https:\/\/www.vakantiehuizenfrankenau.nl\/wp-content\/uploads\/2018\/04\/Header-2.jpg&#8220; background_position=&#8220;bottom_center&#8220;][\/et_pb_slide][\/et_pb_fullwidth_slider][\/et_pb_section][et_pb_section fb_built=&#8220;1&#8243; _builder_version=&#8220;3.9&#8243; background_color=&#8220;#e02b20&#8243; custom_padding=&#8220;16px|0px|0|0px|false|false&#8220; global_module=&#8220;275&#8243;][et_pb_row custom_padding=&#8220;0|0px|0|0px|false|false&#8220; _builder_version=&#8220;3.0.48&#8243; background_size=&#8220;initial&#8220; background_position=&#8220;top_left&#8220; background_repeat=&#8220;repeat&#8220;][et_pb_column type=&#8220;4_4&#8243; _builder_version=&#8220;3.0.47&#8243; parallax=&#8220;off&#8220; parallax_method=&#8220;on&#8220;][et_pb_cta title=&#8220;F\u00fcr Preise und Verf\u00fcgbarkeit rufen Sie uns heute noch an!&#8220; _builder_version=&#8220;3.9&#8243; use_background_color=&#8220;off&#8220;]<\/p>\n<h3>+31 (0)317 314 238<\/h3>\n<p>[\/et_pb_cta][\/et_pb_column][\/et_pb_row][\/et_pb_section][et_pb_section fb_built=&#8220;1&#8243; _builder_version=&#8220;3.1.1&#8243; custom_padding=&#8220;0|0px|0|0px&#8220;][et_pb_row custom_padding=&#8220;27px|0px|0|0px|false|false&#8220; _builder_version=&#8220;3.1.1&#8243; background_color=&#8220;#ffffff&#8220;][et_pb_column type=&#8220;4_4&#8243; _builder_version=&#8220;3.0.47&#8243; parallax=&#8220;off&#8220; parallax_method=&#8220;on&#8220;][et_pb_text _builder_version=&#8220;3.4.1&#8243;]<\/p>\n<h1>Umgebung<\/h1>\n<p>Unsere Luxus Ferienwohnung befindet sich n\u00f6rdlich von Frankenau. Sie grenzt an einen gro\u00dfen Naturpark.<br \/>\nDer Naturpark hei\u00dft Kellerald-Edersee und verf\u00fcgt \u00fcber eine Fl\u00e4che von ca. 57 Km2. Sie k\u00f6nnen sch\u00f6ne Spazierg\u00e4nge in den weitern Urw\u00e4ldern mit nat\u00fcrlicher Aussicht unternehmen. Eine Reihe von Wanderwegen f\u00fchrt Sie entlang den sch\u00f6nsten Stellen im Kellerwald-Edersee. Das Gebiet eignet sich ebenfalls auch sehr gut zum Mountainbiken im Waldgebiet.<br \/>\nDer Park grenzt der Nordseite an dem Eder Stausee. Auf dem Stausee k\u00f6nnen Sie verschiedene Wassersportarten aus\u00fcben, das Wasserkraftwerk besuchen, oder eine Bootsfahrt auf dem See unternehmen. Sie k\u00f6nnen nat\u00fcrlich auch auf den wundersch\u00f6n gelegenen Land Fl\u00e4chen Radfahren.<\/p>\n<p>Bad Wildungen ist bekannt f\u00fcr seine SPA und Wellnessm\u00f6glichkeiten. Schloss Friedrichstein bietet Ihnen einen sch\u00f6nen Blick auf die Stadt.<br \/>\nDie Elisabethkirche im Dorf besteht seit 1235 und ist damit die \u00e4lteste Gotische Kirche Deutschlands. Das Landgravenschlo\u00df befindet sich am Westhang des Schlossberges, ragt \u00fcber die Stadt hervor und ist von der Umgebung aus zu sehen. Rundum das Rathaus befinden sich mehrere restaurierte Fachwerkh\u00e4user.<br \/>\nDas Waldeck Schloss \u00fcberblickt einen Gro\u00dfteil des Edersees. Waldeck ist ebenfalls ein guter Ausgangspunkt f\u00fcr eine Kreuzfahrt auf dem Edersee.<\/p>\n<p>Die H\u00e4user befinden sich zwischen St\u00e4dten und D\u00f6rfern mit wundersch\u00f6nen Golfpl\u00e4tzen in der Umgebung. Es gibt verschiede M\u00f6glichkeiten die Golfpl\u00e4tze nah oder etwas weiter weg von Frankenau entfernt als Gastspieler zu nutzen. Nat\u00fcrlich sind Sie in einer der 8 Clubs nach Reservierung herzlich willkommen!<br \/>\nBei der Buchung erhalten Sie von uns Information \u00fcber den Standort der Golfpl\u00e4tze, die Entfernungen von Frankenau, Kontaktadressen mit Telefonnummern, Emailadresse usw. In Deutschland sind die Golfpl\u00e4tze in der Regel viel weniger besetzt als in den Niederlanden. Sie k\u00f6nnen wirklich einen ganzen Tag genie\u00dfen auf einem 18 Loch Platz, 9 L\u00f6cher spielen, zu Mittag essen und anschlie\u00dfend wieder 9 L\u00f6cher spielen.<br \/>\n[\/et_pb_text][et_pb_cta title=&#8220;M\u00f6chten Sie auch in den sch\u00f6nen Bergen wandern?&#8220; button_url=&#8220;\/beschikbaarheid\/&#8220; button_text=&#8220;\u00dcberpr\u00fcfen Sie die Preise und Verf\u00fcgbarkeit hier.&#8220; _builder_version=&#8220;3.9&#8243; background_color=&#8220;#0c71c3&#8243;]Oder bevorzugen Sie den Edersee? Sie k\u00f6nnen nat\u00fcrlich auch Golfspielen auf einer der Golfpl\u00e4tze in der Umgebung.<br \/>\n[\/et_pb_cta][\/et_pb_column][\/et_pb_row][et_pb_row use_custom_gutter=&#8220;on&#8220; gutter_width=&#8220;1&#8243; custom_padding=&#8220;0|0px|27px|0px|false|false&#8220; _builder_version=&#8220;3.4.1&#8243; background_color=&#8220;#ffffff&#8220;][et_pb_column type=&#8220;4_4&#8243; _builder_version=&#8220;3.0.47&#8243; parallax=&#8220;off&#8220; parallax_method=&#8220;on&#8220;][et_pb_gallery gallery_ids=&#8220;681,680,679,678,677,676,675,674,673,672,671,670&#8243; gallery_orderby=&#8220;rand&#8220; gallery_captions=&#8220;,,,&#8220; posts_number=&#8220;12&#8243; show_title_and_caption=&#8220;off&#8220; show_pagination=&#8220;off&#8220; zoom_icon_color=&#8220;#0c71c3&#8243; hover_overlay_color=&#8220;rgba(255,255,255,0.3)&#8220; hover_icon=&#8220;%%51%%&#8220; _builder_version=&#8220;3.4.1&#8243; custom_margin=&#8220;|||&#8220; custom_padding=&#8220;|||&#8220;][\/et_pb_gallery][\/et_pb_column][\/et_pb_row][\/et_pb_section]<\/p>\n","protected":false},"excerpt":{"rendered":"<p>+31 (0)317 314 238Umgebung Unsere Luxus Ferienwohnung befindet sich n\u00f6rdlich von Frankenau. Sie grenzt an einen gro\u00dfen Naturpark. Der Naturpark hei\u00dft Kellerald-Edersee und verf\u00fcgt \u00fcber eine Fl\u00e4che von ca. 57 Km2. Sie k\u00f6nnen sch\u00f6ne Spazierg\u00e4nge in den weitern Urw\u00e4ldern mit nat\u00fcrlicher Aussicht unternehmen. Eine Reihe von Wanderwegen f\u00fchrt Sie entlang den sch\u00f6nsten Stellen im Kellerwald-Edersee. [&hellip;]<\/p>\n","protected":false},"author":1,"featured_media":0,"parent":0,"menu_order":0,"comment_status":"closed","ping_status":"closed","template":"","meta":{"_et_pb_use_builder":"on","_et_pb_old_content":"","_et_gb_content_width":"","footnotes":""},"class_list":["post-715","page","type-page","status-publish","hentry"],"_links":{"self":[{"href":"https:\/\/www.vakantiehuizenfrankenau.nl\/de\/wp-json\/wp\/v2\/pages\/715","targetHints":{"allow":["GET"]}}],"collection":[{"href":"https:\/\/www.vakantiehuizenfrankenau.nl\/de\/wp-json\/wp\/v2\/pages"}],"about":[{"href":"https:\/\/www.vakantiehuizenfrankenau.nl\/de\/wp-json\/wp\/v2\/types\/page"}],"author":[{"embeddable":true,"href":"https:\/\/www.vakantiehuizenfrankenau.nl\/de\/wp-json\/wp\/v2\/users\/1"}],"replies":[{"embeddable":true,"href":"https:\/\/www.vakantiehuizenfrankenau.nl\/de\/wp-json\/wp\/v2\/comments?post=715"}],"version-history":[{"count":0,"href":"https:\/\/www.vakantiehuizenfrankenau.nl\/de\/wp-json\/wp\/v2\/pages\/715\/revisions"}],"wp:attachment":[{"href":"https:\/\/www.vakantiehuizenfrankenau.nl\/de\/wp-json\/wp\/v2\/media?parent=715"}],"curies":[{"name":"wp","href":"https:\/\/api.w.org\/{rel}","templated":true}]}}