{"id":700,"date":"2021-01-05T09:58:25","date_gmt":"2021-01-05T09:58:25","guid":{"rendered":"https:\/\/www.vakantiehuizenfrankenau.nl\/verfuegbarkeit-preise\/"},"modified":"2024-01-31T14:41:50","modified_gmt":"2024-01-31T14:41:50","slug":"verfuegbarkeit-preise","status":"publish","type":"page","link":"https:\/\/www.vakantiehuizenfrankenau.nl\/de\/verfuegbarkeit-preise\/","title":{"rendered":"Verf\u00fcgbarkeit\/Preise"},"content":{"rendered":"<p>[et_pb_section fb_built=&#8220;1&#8243; fullwidth=&#8220;on&#8220; _builder_version=&#8220;4.16&#8243; global_colors_info=&#8220;{}&#8220;][et_pb_fullwidth_slider _builder_version=&#8220;4.16&#8243; max_width=&#8220;100%&#8220; custom_padding=&#8220;||0px|||&#8220; auto=&#8220;on&#8220; auto_speed=&#8220;5500&#8243; global_colors_info=&#8220;{}&#8220; button_text_size__hover_enabled=&#8220;off&#8220; button_one_text_size__hover_enabled=&#8220;off&#8220; button_two_text_size__hover_enabled=&#8220;off&#8220; button_text_color__hover_enabled=&#8220;off&#8220; button_one_text_color__hover_enabled=&#8220;off&#8220; button_two_text_color__hover_enabled=&#8220;off&#8220; button_border_width__hover_enabled=&#8220;off&#8220; button_one_border_width__hover_enabled=&#8220;off&#8220; button_two_border_width__hover_enabled=&#8220;off&#8220; button_border_color__hover_enabled=&#8220;off&#8220; button_one_border_color__hover_enabled=&#8220;off&#8220; button_two_border_color__hover_enabled=&#8220;off&#8220; button_border_radius__hover_enabled=&#8220;off&#8220; button_one_border_radius__hover_enabled=&#8220;off&#8220; button_two_border_radius__hover_enabled=&#8220;off&#8220; button_letter_spacing__hover_enabled=&#8220;off&#8220; button_one_letter_spacing__hover_enabled=&#8220;off&#8220; button_two_letter_spacing__hover_enabled=&#8220;off&#8220; button_bg_color__hover_enabled=&#8220;off&#8220; button_one_bg_color__hover_enabled=&#8220;off&#8220; button_two_bg_color__hover_enabled=&#8220;off&#8220;][et_pb_slide _builder_version=&#8220;4.16&#8243; background_color=&#8220;#ffffff&#8220; background_image=&#8220;https:\/\/www.vakantiehuizenfrankenau.nl\/wp-content\/uploads\/2018\/05\/Header3.jpg&#8220; background_position=&#8220;bottom_center&#8220; global_colors_info=&#8220;{}&#8220; button_text_size__hover_enabled=&#8220;off&#8220; button_one_text_size__hover_enabled=&#8220;off&#8220; button_two_text_size__hover_enabled=&#8220;off&#8220; button_text_color__hover_enabled=&#8220;off&#8220; button_one_text_color__hover_enabled=&#8220;off&#8220; button_two_text_color__hover_enabled=&#8220;off&#8220; button_border_width__hover_enabled=&#8220;off&#8220; button_one_border_width__hover_enabled=&#8220;off&#8220; button_two_border_width__hover_enabled=&#8220;off&#8220; button_border_color__hover_enabled=&#8220;off&#8220; button_one_border_color__hover_enabled=&#8220;off&#8220; button_two_border_color__hover_enabled=&#8220;off&#8220; button_border_radius__hover_enabled=&#8220;off&#8220; button_one_border_radius__hover_enabled=&#8220;off&#8220; button_two_border_radius__hover_enabled=&#8220;off&#8220; button_letter_spacing__hover_enabled=&#8220;off&#8220; button_one_letter_spacing__hover_enabled=&#8220;off&#8220; button_two_letter_spacing__hover_enabled=&#8220;off&#8220; button_bg_color__hover_enabled=&#8220;off&#8220; button_one_bg_color__hover_enabled=&#8220;off&#8220; button_two_bg_color__hover_enabled=&#8220;off&#8220; sticky_transition=&#8220;on&#8220;][\/et_pb_slide][et_pb_slide _builder_version=&#8220;4.16&#8243; background_color=&#8220;#ffffff&#8220; background_image=&#8220;https:\/\/www.vakantiehuizenfrankenau.nl\/wp-content\/uploads\/2018\/04\/Header.jpg&#8220; global_colors_info=&#8220;{}&#8220; button_text_size__hover_enabled=&#8220;off&#8220; button_one_text_size__hover_enabled=&#8220;off&#8220; button_two_text_size__hover_enabled=&#8220;off&#8220; button_text_color__hover_enabled=&#8220;off&#8220; button_one_text_color__hover_enabled=&#8220;off&#8220; button_two_text_color__hover_enabled=&#8220;off&#8220; button_border_width__hover_enabled=&#8220;off&#8220; button_one_border_width__hover_enabled=&#8220;off&#8220; button_two_border_width__hover_enabled=&#8220;off&#8220; button_border_color__hover_enabled=&#8220;off&#8220; button_one_border_color__hover_enabled=&#8220;off&#8220; button_two_border_color__hover_enabled=&#8220;off&#8220; button_border_radius__hover_enabled=&#8220;off&#8220; button_one_border_radius__hover_enabled=&#8220;off&#8220; button_two_border_radius__hover_enabled=&#8220;off&#8220; button_letter_spacing__hover_enabled=&#8220;off&#8220; button_one_letter_spacing__hover_enabled=&#8220;off&#8220; button_two_letter_spacing__hover_enabled=&#8220;off&#8220; button_bg_color__hover_enabled=&#8220;off&#8220; button_one_bg_color__hover_enabled=&#8220;off&#8220; button_two_bg_color__hover_enabled=&#8220;off&#8220; sticky_transition=&#8220;on&#8220;][\/et_pb_slide][et_pb_slide _builder_version=&#8220;4.16&#8243; background_color=&#8220;#ffffff&#8220; background_image=&#8220;https:\/\/www.vakantiehuizenfrankenau.nl\/wp-content\/uploads\/2018\/05\/Header4.jpg&#8220; background_position=&#8220;top_center&#8220; global_colors_info=&#8220;{}&#8220; button_text_size__hover_enabled=&#8220;off&#8220; button_one_text_size__hover_enabled=&#8220;off&#8220; button_two_text_size__hover_enabled=&#8220;off&#8220; button_text_color__hover_enabled=&#8220;off&#8220; button_one_text_color__hover_enabled=&#8220;off&#8220; button_two_text_color__hover_enabled=&#8220;off&#8220; button_border_width__hover_enabled=&#8220;off&#8220; button_one_border_width__hover_enabled=&#8220;off&#8220; button_two_border_width__hover_enabled=&#8220;off&#8220; button_border_color__hover_enabled=&#8220;off&#8220; button_one_border_color__hover_enabled=&#8220;off&#8220; button_two_border_color__hover_enabled=&#8220;off&#8220; button_border_radius__hover_enabled=&#8220;off&#8220; button_one_border_radius__hover_enabled=&#8220;off&#8220; button_two_border_radius__hover_enabled=&#8220;off&#8220; button_letter_spacing__hover_enabled=&#8220;off&#8220; button_one_letter_spacing__hover_enabled=&#8220;off&#8220; button_two_letter_spacing__hover_enabled=&#8220;off&#8220; button_bg_color__hover_enabled=&#8220;off&#8220; button_one_bg_color__hover_enabled=&#8220;off&#8220; button_two_bg_color__hover_enabled=&#8220;off&#8220; sticky_transition=&#8220;on&#8220;][\/et_pb_slide][et_pb_slide _builder_version=&#8220;4.16&#8243; background_color=&#8220;#ffffff&#8220; background_image=&#8220;https:\/\/www.vakantiehuizenfrankenau.nl\/wp-content\/uploads\/2018\/04\/Header-2.jpg&#8220; background_position=&#8220;bottom_center&#8220; global_colors_info=&#8220;{}&#8220; button_text_size__hover_enabled=&#8220;off&#8220; button_one_text_size__hover_enabled=&#8220;off&#8220; button_two_text_size__hover_enabled=&#8220;off&#8220; button_text_color__hover_enabled=&#8220;off&#8220; button_one_text_color__hover_enabled=&#8220;off&#8220; button_two_text_color__hover_enabled=&#8220;off&#8220; button_border_width__hover_enabled=&#8220;off&#8220; button_one_border_width__hover_enabled=&#8220;off&#8220; button_two_border_width__hover_enabled=&#8220;off&#8220; button_border_color__hover_enabled=&#8220;off&#8220; button_one_border_color__hover_enabled=&#8220;off&#8220; button_two_border_color__hover_enabled=&#8220;off&#8220; button_border_radius__hover_enabled=&#8220;off&#8220; button_one_border_radius__hover_enabled=&#8220;off&#8220; button_two_border_radius__hover_enabled=&#8220;off&#8220; button_letter_spacing__hover_enabled=&#8220;off&#8220; button_one_letter_spacing__hover_enabled=&#8220;off&#8220; button_two_letter_spacing__hover_enabled=&#8220;off&#8220; button_bg_color__hover_enabled=&#8220;off&#8220; button_one_bg_color__hover_enabled=&#8220;off&#8220; button_two_bg_color__hover_enabled=&#8220;off&#8220; sticky_transition=&#8220;on&#8220;][\/et_pb_slide][et_pb_slide _builder_version=&#8220;4.16&#8243; background_color=&#8220;#ffffff&#8220; background_image=&#8220;https:\/\/www.vakantiehuizenfrankenau.nl\/wp-content\/uploads\/2019\/05\/IMG_2841-1.jpg&#8220; global_colors_info=&#8220;{}&#8220; button_text_size__hover_enabled=&#8220;off&#8220; button_one_text_size__hover_enabled=&#8220;off&#8220; button_two_text_size__hover_enabled=&#8220;off&#8220; button_text_color__hover_enabled=&#8220;off&#8220; button_one_text_color__hover_enabled=&#8220;off&#8220; button_two_text_color__hover_enabled=&#8220;off&#8220; button_border_width__hover_enabled=&#8220;off&#8220; button_one_border_width__hover_enabled=&#8220;off&#8220; button_two_border_width__hover_enabled=&#8220;off&#8220; button_border_color__hover_enabled=&#8220;off&#8220; button_one_border_color__hover_enabled=&#8220;off&#8220; button_two_border_color__hover_enabled=&#8220;off&#8220; button_border_radius__hover_enabled=&#8220;off&#8220; button_one_border_radius__hover_enabled=&#8220;off&#8220; button_two_border_radius__hover_enabled=&#8220;off&#8220; button_letter_spacing__hover_enabled=&#8220;off&#8220; button_one_letter_spacing__hover_enabled=&#8220;off&#8220; button_two_letter_spacing__hover_enabled=&#8220;off&#8220; button_bg_color__hover_enabled=&#8220;off&#8220; button_one_bg_color__hover_enabled=&#8220;off&#8220; button_two_bg_color__hover_enabled=&#8220;off&#8220; sticky_transition=&#8220;on&#8220;][\/et_pb_slide][\/et_pb_fullwidth_slider][\/et_pb_section][et_pb_section fb_built=&#8220;1&#8243; _builder_version=&#8220;4.16&#8243; background_color=&#8220;#e02b20&#8243; custom_padding=&#8220;16px|0px|0|0px|false|false&#8220; global_colors_info=&#8220;{}&#8220;][et_pb_row _builder_version=&#8220;4.16&#8243; background_size=&#8220;initial&#8220; background_position=&#8220;top_left&#8220; background_repeat=&#8220;repeat&#8220; custom_padding=&#8220;0|0px|0|0px|false|false&#8220; global_colors_info=&#8220;{}&#8220;][et_pb_column type=&#8220;4_4&#8243; _builder_version=&#8220;4.16&#8243; custom_padding=&#8220;|||&#8220; global_colors_info=&#8220;{}&#8220; custom_padding__hover=&#8220;|||&#8220;][et_pb_cta title=&#8220;F\u00fcr Preise und Verf\u00fcgbarkeit rufen Sie uns heute noch an!&#8220; _builder_version=&#8220;4.20.2&#8243; use_background_color=&#8220;off&#8220; global_colors_info=&#8220;{}&#8220; button_text_size__hover_enabled=&#8220;off&#8220; button_one_text_size__hover_enabled=&#8220;off&#8220; button_two_text_size__hover_enabled=&#8220;off&#8220; button_text_color__hover_enabled=&#8220;off&#8220; button_one_text_color__hover_enabled=&#8220;off&#8220; button_two_text_color__hover_enabled=&#8220;off&#8220; button_border_width__hover_enabled=&#8220;off&#8220; button_one_border_width__hover_enabled=&#8220;off&#8220; button_two_border_width__hover_enabled=&#8220;off&#8220; button_border_color__hover_enabled=&#8220;off&#8220; button_one_border_color__hover_enabled=&#8220;off&#8220; button_two_border_color__hover_enabled=&#8220;off&#8220; button_border_radius__hover_enabled=&#8220;off&#8220; button_one_border_radius__hover_enabled=&#8220;off&#8220; button_two_border_radius__hover_enabled=&#8220;off&#8220; button_letter_spacing__hover_enabled=&#8220;off&#8220; button_one_letter_spacing__hover_enabled=&#8220;off&#8220; button_two_letter_spacing__hover_enabled=&#8220;off&#8220; button_bg_color__hover_enabled=&#8220;off&#8220; button_one_bg_color__hover_enabled=&#8220;off&#8220; button_two_bg_color__hover_enabled=&#8220;off&#8220;]<\/p>\n<h3>0317 314 238<\/h3>\n<p>[\/et_pb_cta][\/et_pb_column][\/et_pb_row][\/et_pb_section][et_pb_section fb_built=&#8220;1&#8243; _builder_version=&#8220;4.16&#8243; global_colors_info=&#8220;{}&#8220;][et_pb_row _builder_version=&#8220;4.16&#8243; global_colors_info=&#8220;{}&#8220;][et_pb_column type=&#8220;4_4&#8243; _builder_version=&#8220;4.16&#8243; custom_padding=&#8220;|||&#8220; global_colors_info=&#8220;{}&#8220; custom_padding__hover=&#8220;|||&#8220;][et_pb_text _builder_version=&#8220;4.23.4&#8243; hover_enabled=&#8220;0&#8243; global_colors_info=&#8220;{}&#8220; sticky_enabled=&#8220;0&#8243;]<\/p>\n<p><strong>Mietpreise\/Konditionen Am Sternberg 209 und 211, Eigenanlieferung 2024<\/strong><br \/><strong>Aufstellung November 2023, Mengen nach Gewinn.<\/strong><br \/>W\u00f6chentliche Vermietung: grunds\u00e4tzlich von Freitag bis Donnerstag, Abreise Freitagmorgen.<br \/>Bestellungen sind aber nach Absprache vor Beginn m\u00f6glich.<br \/>Wochenmitte: Montag bis Donnerstag, morgen am n\u00e4chsten Tag<br \/>Wochenende: Freitag bis Sonntag, Montagmorgen.<br \/>Ankunftszeit grunds\u00e4tzlich: nachmittags ca. 15:00 Uhr.<br \/>Abfahrtszeit grunds\u00e4tzlich: ca. 10 Uhr morgens<\/p>\n<p><strong>Mietpreise pro Nacht, grunds\u00e4tzlich mindestens drei Hurenn\u00e4chte<\/strong><br \/>01.02.2024 bis 01.11.2024 65 Euro<br \/>12.01.2024 bis 15.02.2024 45 Euro<br \/>16.02.2024 bis 07.03.2024 52 Euro<br \/>08.03.2024 bis 25.04.2024 45 Euro<br \/>26.04.2024 bis 09.05.2024 52 Euro<br \/>10.05.2024 bis 23.05.2024 45 Euro<br \/>24.05.2024 bis 04.07.2024 52 Euro<br \/>05.07.2024 bis 05.09.2024 65 Euro<br \/>06.09.2024 bis 31.10.2024 52 Euro<br \/>01.11.2024 bis 19.12.2024 45 Euro<br \/>20.12.2024 bis 01.07.2023 65 Euro<\/p>\n<p><span style=\"text-decoration: underline;\">Zu den oben genannten Anfragen geh\u00f6ren:<\/span><br \/>&#8211; M\u00f6gliche kosteng\u00fcnstige Nutzung von Kinderbett, Hochstuhl, Laufstall etc.<br \/>&#8211; Wasserversorgung, Geb\u00fchren und Abgaben<br \/>&#8211; Einleitende Informationen an der Fahrzeugt\u00fcr, an der Innenseite des Schl\u00fcssels, zur Besichtigung der Wohnung(en) bei der Abreise der Mieter, zum Betrieb des Stromnetzes<br \/>&#8211; WIFI genutzt (Lassen Sie uns die Verantwortung f\u00fcr das Haus \u00fcbernehmen und keine anderen Filme und Musik in Deutschland herunterladen)<\/p>\n<p><span style=\"text-decoration: underline;\">Zus\u00e4tzliche Kosten:<\/span><br \/>&#8211; Dirnen und Waschen von Bettw\u00e4sche und gemachten Betten zum Anreisepreis von 9 Euro pro Person bei Buchung<br \/>&#8211; Die Endreinigung\/Verwaltung kostet 70 Euro<br \/>&#8211; Stromkosten je nach Verbrauch<br \/>&#8211; Maximal 2 Hunde, 10 Euro pro Hund und Aufenthalt<\/p>\n<p><span style=\"text-decoration: underline;\">Zu regelnde Forderung:<\/span><br \/>&#8211; Kaution inklusive Stromkostenpauschale 100 Euro pro Wohnung.<br \/>Wir verf\u00fcgen \u00fcber eine Stromerzeugungsanlage zur Erw\u00e4rmung der Kohle mit 1.000 Quadratmetern in beiden Windungen, so dass wir die Samen in gro\u00dfen Mengen und einem Betrag von 52 Cent bei den Bewohnern einsetzen k\u00f6nnen. pro Verbrauch kW\/h.<\/p>\n<p>[\/et_pb_text][\/et_pb_column][\/et_pb_row][\/et_pb_section]<\/p>\n","protected":false},"excerpt":{"rendered":"<p>0317 314 238Mietpreise\/Konditionen Am Sternberg 209 und 211, Eigenanlieferung 2024Aufstellung November 2023, Mengen nach Gewinn.W\u00f6chentliche Vermietung: grunds\u00e4tzlich von Freitag bis Donnerstag, Abreise Freitagmorgen.Bestellungen sind aber nach Absprache vor Beginn m\u00f6glich.Wochenmitte: Montag bis Donnerstag, morgen am n\u00e4chsten TagWochenende: Freitag bis Sonntag, Montagmorgen.Ankunftszeit grunds\u00e4tzlich: nachmittags ca. 15:00 Uhr.Abfahrtszeit grunds\u00e4tzlich: ca. 10 Uhr morgens Mietpreise pro Nacht, grunds\u00e4tzlich [&hellip;]<\/p>\n","protected":false},"author":1,"featured_media":0,"parent":0,"menu_order":0,"comment_status":"closed","ping_status":"closed","template":"","meta":{"_et_pb_use_builder":"on","_et_pb_old_content":"","_et_gb_content_width":"","footnotes":""},"class_list":["post-700","page","type-page","status-publish","hentry"],"_links":{"self":[{"href":"https:\/\/www.vakantiehuizenfrankenau.nl\/de\/wp-json\/wp\/v2\/pages\/700","targetHints":{"allow":["GET"]}}],"collection":[{"href":"https:\/\/www.vakantiehuizenfrankenau.nl\/de\/wp-json\/wp\/v2\/pages"}],"about":[{"href":"https:\/\/www.vakantiehuizenfrankenau.nl\/de\/wp-json\/wp\/v2\/types\/page"}],"author":[{"embeddable":true,"href":"https:\/\/www.vakantiehuizenfrankenau.nl\/de\/wp-json\/wp\/v2\/users\/1"}],"replies":[{"embeddable":true,"href":"https:\/\/www.vakantiehuizenfrankenau.nl\/de\/wp-json\/wp\/v2\/comments?post=700"}],"version-history":[{"count":11,"href":"https:\/\/www.vakantiehuizenfrankenau.nl\/de\/wp-json\/wp\/v2\/pages\/700\/revisions"}],"predecessor-version":[{"id":1386,"href":"https:\/\/www.vakantiehuizenfrankenau.nl\/de\/wp-json\/wp\/v2\/pages\/700\/revisions\/1386"}],"wp:attachment":[{"href":"https:\/\/www.vakantiehuizenfrankenau.nl\/de\/wp-json\/wp\/v2\/media?parent=700"}],"curies":[{"name":"wp","href":"https:\/\/api.w.org\/{rel}","templated":true}]}}