{"id":686,"date":"2021-01-05T09:55:05","date_gmt":"2021-01-05T09:55:05","guid":{"rendered":"https:\/\/www.vakantiehuizenfrankenau.nl\/ferienwohnung\/"},"modified":"2021-12-23T10:28:37","modified_gmt":"2021-12-23T10:28:37","slug":"ferienwohnung","status":"publish","type":"page","link":"https:\/\/www.vakantiehuizenfrankenau.nl\/de\/ferienwohnung\/","title":{"rendered":"Ferienwohnung"},"content":{"rendered":"<p>[et_pb_section fb_built=&#8220;1&#8243; fullwidth=&#8220;on&#8220; _builder_version=&#8220;3.22&#8243; global_colors_info=&#8220;{}&#8220;][et_pb_fullwidth_slider _builder_version=&#8220;3.22.4&#8243; max_width=&#8220;100%&#8220; custom_padding=&#8220;||0px|||&#8220; auto=&#8220;on&#8220; auto_speed=&#8220;5500&#8243; saved_tabs=&#8220;all&#8220; global_colors_info=&#8220;{}&#8220; button_text_size__hover_enabled=&#8220;off&#8220; button_one_text_size__hover_enabled=&#8220;off&#8220; button_two_text_size__hover_enabled=&#8220;off&#8220; button_text_color__hover_enabled=&#8220;off&#8220; button_one_text_color__hover_enabled=&#8220;off&#8220; button_two_text_color__hover_enabled=&#8220;off&#8220; button_border_width__hover_enabled=&#8220;off&#8220; button_one_border_width__hover_enabled=&#8220;off&#8220; button_two_border_width__hover_enabled=&#8220;off&#8220; button_border_color__hover_enabled=&#8220;off&#8220; button_one_border_color__hover_enabled=&#8220;off&#8220; button_two_border_color__hover_enabled=&#8220;off&#8220; button_border_radius__hover_enabled=&#8220;off&#8220; button_one_border_radius__hover_enabled=&#8220;off&#8220; button_two_border_radius__hover_enabled=&#8220;off&#8220; button_letter_spacing__hover_enabled=&#8220;off&#8220; button_one_letter_spacing__hover_enabled=&#8220;off&#8220; button_two_letter_spacing__hover_enabled=&#8220;off&#8220; button_bg_color__hover_enabled=&#8220;off&#8220; button_one_bg_color__hover_enabled=&#8220;off&#8220; button_two_bg_color__hover_enabled=&#8220;off&#8220;][et_pb_slide _builder_version=&#8220;3.16&#8243; background_color=&#8220;#ffffff&#8220; background_image=&#8220;https:\/\/www.vakantiehuizenfrankenau.nl\/wp-content\/uploads\/2018\/05\/Header3.jpg&#8220; background_position=&#8220;bottom_center&#8220; global_colors_info=&#8220;{}&#8220; button_text_size__hover_enabled=&#8220;off&#8220; button_one_text_size__hover_enabled=&#8220;off&#8220; button_two_text_size__hover_enabled=&#8220;off&#8220; button_text_color__hover_enabled=&#8220;off&#8220; button_one_text_color__hover_enabled=&#8220;off&#8220; button_two_text_color__hover_enabled=&#8220;off&#8220; button_border_width__hover_enabled=&#8220;off&#8220; button_one_border_width__hover_enabled=&#8220;off&#8220; button_two_border_width__hover_enabled=&#8220;off&#8220; button_border_color__hover_enabled=&#8220;off&#8220; button_one_border_color__hover_enabled=&#8220;off&#8220; button_two_border_color__hover_enabled=&#8220;off&#8220; button_border_radius__hover_enabled=&#8220;off&#8220; button_one_border_radius__hover_enabled=&#8220;off&#8220; button_two_border_radius__hover_enabled=&#8220;off&#8220; button_letter_spacing__hover_enabled=&#8220;off&#8220; button_one_letter_spacing__hover_enabled=&#8220;off&#8220; button_two_letter_spacing__hover_enabled=&#8220;off&#8220; button_bg_color__hover_enabled=&#8220;off&#8220; button_one_bg_color__hover_enabled=&#8220;off&#8220; button_two_bg_color__hover_enabled=&#8220;off&#8220; sticky_transition=&#8220;on&#8220;][\/et_pb_slide][et_pb_slide _builder_version=&#8220;3.16&#8243; background_color=&#8220;#ffffff&#8220; background_image=&#8220;https:\/\/www.vakantiehuizenfrankenau.nl\/wp-content\/uploads\/2018\/04\/Header.jpg&#8220; global_colors_info=&#8220;{}&#8220; button_text_size__hover_enabled=&#8220;off&#8220; button_one_text_size__hover_enabled=&#8220;off&#8220; button_two_text_size__hover_enabled=&#8220;off&#8220; button_text_color__hover_enabled=&#8220;off&#8220; button_one_text_color__hover_enabled=&#8220;off&#8220; button_two_text_color__hover_enabled=&#8220;off&#8220; button_border_width__hover_enabled=&#8220;off&#8220; button_one_border_width__hover_enabled=&#8220;off&#8220; button_two_border_width__hover_enabled=&#8220;off&#8220; button_border_color__hover_enabled=&#8220;off&#8220; button_one_border_color__hover_enabled=&#8220;off&#8220; button_two_border_color__hover_enabled=&#8220;off&#8220; button_border_radius__hover_enabled=&#8220;off&#8220; button_one_border_radius__hover_enabled=&#8220;off&#8220; button_two_border_radius__hover_enabled=&#8220;off&#8220; button_letter_spacing__hover_enabled=&#8220;off&#8220; button_one_letter_spacing__hover_enabled=&#8220;off&#8220; button_two_letter_spacing__hover_enabled=&#8220;off&#8220; button_bg_color__hover_enabled=&#8220;off&#8220; button_one_bg_color__hover_enabled=&#8220;off&#8220; button_two_bg_color__hover_enabled=&#8220;off&#8220; sticky_transition=&#8220;on&#8220;][\/et_pb_slide][et_pb_slide _builder_version=&#8220;3.16&#8243; background_color=&#8220;#ffffff&#8220; background_image=&#8220;https:\/\/www.vakantiehuizenfrankenau.nl\/wp-content\/uploads\/2018\/05\/Header4.jpg&#8220; background_position=&#8220;top_center&#8220; global_colors_info=&#8220;{}&#8220; button_text_size__hover_enabled=&#8220;off&#8220; button_one_text_size__hover_enabled=&#8220;off&#8220; button_two_text_size__hover_enabled=&#8220;off&#8220; button_text_color__hover_enabled=&#8220;off&#8220; button_one_text_color__hover_enabled=&#8220;off&#8220; button_two_text_color__hover_enabled=&#8220;off&#8220; button_border_width__hover_enabled=&#8220;off&#8220; button_one_border_width__hover_enabled=&#8220;off&#8220; button_two_border_width__hover_enabled=&#8220;off&#8220; button_border_color__hover_enabled=&#8220;off&#8220; button_one_border_color__hover_enabled=&#8220;off&#8220; button_two_border_color__hover_enabled=&#8220;off&#8220; button_border_radius__hover_enabled=&#8220;off&#8220; button_one_border_radius__hover_enabled=&#8220;off&#8220; button_two_border_radius__hover_enabled=&#8220;off&#8220; button_letter_spacing__hover_enabled=&#8220;off&#8220; button_one_letter_spacing__hover_enabled=&#8220;off&#8220; button_two_letter_spacing__hover_enabled=&#8220;off&#8220; button_bg_color__hover_enabled=&#8220;off&#8220; button_one_bg_color__hover_enabled=&#8220;off&#8220; button_two_bg_color__hover_enabled=&#8220;off&#8220; sticky_transition=&#8220;on&#8220;][\/et_pb_slide][et_pb_slide _builder_version=&#8220;3.16&#8243; background_color=&#8220;#ffffff&#8220; background_image=&#8220;https:\/\/www.vakantiehuizenfrankenau.nl\/wp-content\/uploads\/2018\/04\/Header-2.jpg&#8220; background_position=&#8220;bottom_center&#8220; global_colors_info=&#8220;{}&#8220; button_text_size__hover_enabled=&#8220;off&#8220; button_one_text_size__hover_enabled=&#8220;off&#8220; button_two_text_size__hover_enabled=&#8220;off&#8220; button_text_color__hover_enabled=&#8220;off&#8220; button_one_text_color__hover_enabled=&#8220;off&#8220; button_two_text_color__hover_enabled=&#8220;off&#8220; button_border_width__hover_enabled=&#8220;off&#8220; button_one_border_width__hover_enabled=&#8220;off&#8220; button_two_border_width__hover_enabled=&#8220;off&#8220; button_border_color__hover_enabled=&#8220;off&#8220; button_one_border_color__hover_enabled=&#8220;off&#8220; button_two_border_color__hover_enabled=&#8220;off&#8220; button_border_radius__hover_enabled=&#8220;off&#8220; button_one_border_radius__hover_enabled=&#8220;off&#8220; button_two_border_radius__hover_enabled=&#8220;off&#8220; button_letter_spacing__hover_enabled=&#8220;off&#8220; button_one_letter_spacing__hover_enabled=&#8220;off&#8220; button_two_letter_spacing__hover_enabled=&#8220;off&#8220; button_bg_color__hover_enabled=&#8220;off&#8220; button_one_bg_color__hover_enabled=&#8220;off&#8220; button_two_bg_color__hover_enabled=&#8220;off&#8220; sticky_transition=&#8220;on&#8220;][\/et_pb_slide][et_pb_slide _builder_version=&#8220;3.22.4&#8243; background_color=&#8220;#ffffff&#8220; background_image=&#8220;https:\/\/www.vakantiehuizenfrankenau.nl\/wp-content\/uploads\/2019\/05\/IMG_2841-1.jpg&#8220; global_colors_info=&#8220;{}&#8220; button_text_size__hover_enabled=&#8220;off&#8220; button_one_text_size__hover_enabled=&#8220;off&#8220; button_two_text_size__hover_enabled=&#8220;off&#8220; button_text_color__hover_enabled=&#8220;off&#8220; button_one_text_color__hover_enabled=&#8220;off&#8220; button_two_text_color__hover_enabled=&#8220;off&#8220; button_border_width__hover_enabled=&#8220;off&#8220; button_one_border_width__hover_enabled=&#8220;off&#8220; button_two_border_width__hover_enabled=&#8220;off&#8220; button_border_color__hover_enabled=&#8220;off&#8220; button_one_border_color__hover_enabled=&#8220;off&#8220; button_two_border_color__hover_enabled=&#8220;off&#8220; button_border_radius__hover_enabled=&#8220;off&#8220; button_one_border_radius__hover_enabled=&#8220;off&#8220; button_two_border_radius__hover_enabled=&#8220;off&#8220; button_letter_spacing__hover_enabled=&#8220;off&#8220; button_one_letter_spacing__hover_enabled=&#8220;off&#8220; button_two_letter_spacing__hover_enabled=&#8220;off&#8220; button_bg_color__hover_enabled=&#8220;off&#8220; button_one_bg_color__hover_enabled=&#8220;off&#8220; button_two_bg_color__hover_enabled=&#8220;off&#8220; sticky_transition=&#8220;on&#8220;][\/et_pb_slide][\/et_pb_fullwidth_slider][\/et_pb_section][et_pb_section fb_built=&#8220;1&#8243; _builder_version=&#8220;3.22&#8243; background_color=&#8220;#e02b20&#8243; custom_padding=&#8220;16px|0px|0|0px|false|false&#8220; global_colors_info=&#8220;{}&#8220;][et_pb_row _builder_version=&#8220;3.25&#8243; background_size=&#8220;initial&#8220; background_position=&#8220;top_left&#8220; background_repeat=&#8220;repeat&#8220; custom_padding=&#8220;0|0px|0|0px|false|false&#8220; global_colors_info=&#8220;{}&#8220;][et_pb_column type=&#8220;4_4&#8243; _builder_version=&#8220;3.25&#8243; custom_padding=&#8220;|||&#8220; global_colors_info=&#8220;{}&#8220; custom_padding__hover=&#8220;|||&#8220;][et_pb_cta title=&#8220;F\u00fcr Preise und Verf\u00fcgbarkeit rufen Sie uns heute noch an!&#8220; _builder_version=&#8220;3.16&#8243; use_background_color=&#8220;off&#8220; global_colors_info=&#8220;{}&#8220; button_text_size__hover_enabled=&#8220;off&#8220; button_one_text_size__hover_enabled=&#8220;off&#8220; button_two_text_size__hover_enabled=&#8220;off&#8220; button_text_color__hover_enabled=&#8220;off&#8220; button_one_text_color__hover_enabled=&#8220;off&#8220; button_two_text_color__hover_enabled=&#8220;off&#8220; button_border_width__hover_enabled=&#8220;off&#8220; button_one_border_width__hover_enabled=&#8220;off&#8220; button_two_border_width__hover_enabled=&#8220;off&#8220; button_border_color__hover_enabled=&#8220;off&#8220; button_one_border_color__hover_enabled=&#8220;off&#8220; button_two_border_color__hover_enabled=&#8220;off&#8220; button_border_radius__hover_enabled=&#8220;off&#8220; button_one_border_radius__hover_enabled=&#8220;off&#8220; button_two_border_radius__hover_enabled=&#8220;off&#8220; button_letter_spacing__hover_enabled=&#8220;off&#8220; button_one_letter_spacing__hover_enabled=&#8220;off&#8220; button_two_letter_spacing__hover_enabled=&#8220;off&#8220; button_bg_color__hover_enabled=&#8220;off&#8220; button_one_bg_color__hover_enabled=&#8220;off&#8220; button_two_bg_color__hover_enabled=&#8220;off&#8220;]<\/p>\n<h3>0317 314 238<\/h3>\n<p>[\/et_pb_cta][\/et_pb_column][\/et_pb_row][\/et_pb_section][et_pb_section fb_built=&#8220;1&#8243; _builder_version=&#8220;3.22&#8243; custom_padding=&#8220;0|0px|0|0px&#8220; global_colors_info=&#8220;{}&#8220;][et_pb_row _builder_version=&#8220;3.25&#8243; background_color=&#8220;#ffffff&#8220; custom_margin=&#8220;|auto||143px||&#8220; custom_padding=&#8220;|||&#8220; global_colors_info=&#8220;{}&#8220;][et_pb_column type=&#8220;4_4&#8243; _builder_version=&#8220;3.25&#8243; custom_padding=&#8220;|||&#8220; global_colors_info=&#8220;{}&#8220; custom_padding__hover=&#8220;|||&#8220;][et_pb_text _builder_version=&#8220;3.27.4&#8243; global_colors_info=&#8220;{}&#8220;]<\/p>\n<h1 class=\"art-postheader\">Unser Ferienhaus<\/h1>\n<p class=\"art-postheader\">Zu einem erschwinglichen Preis vermieten wir unser gepflegtes Luxus Ferienhaus, das im typischen Fachwerkstil gebaut ist und sich an einem der sch\u00f6nsten Orte im Park mit freiem Blick befindet. Das luxuri\u00f6se Ferienhaus ist in zwei gleich gro\u00dfe Wohnungen mit jeweils ca. 85m2 Wohnfl\u00e4che verteilt. Ideal f\u00fcr einen Urlaub mit zwei Familien. Zusammen, dennoch jeder mit Ihrer eigenen Privatsph\u00e4re!<\/p>\n<p>&#8211; Die untere Wohnung Nummer 211 Am Sternberg verf\u00fcgt \u00fcber zwei Schlafzimmer und ein Schlafsofa, es bietet Platz f\u00fcr bis zu 6 Personen.<\/p>\n<p>&#8211; Die obere Wohnung Nummer 209 Am Sternberg verf\u00fcgt \u00fcber zwei Schlafzimmer und ein Schlafsofa und bietet Platz f\u00fcr bis zu 6 Personen.<\/p>\n<p>Beide Apartments verf\u00fcgen \u00fcber eine neue Heizung mit Klima-anlage. Beide bieten ebenfalls einen sch\u00f6nen Blick \u00fcber Frankenau, sch\u00f6n gelegen in den H\u00fcgeln. Das Haus liegt im Gr\u00fcnen und grenzt an einen gro\u00dfen Spielpatz. Beide Apartments verf\u00fcgen au\u00dferdem \u00fcber ein Badezimmer mit einer Duschkabine. In beiden Apartments finden Sie auch B\u00fccher und Kinderspiele zur Verf\u00fcgung. Au\u00dferdem gibt es Ordner mit Informationen \u00fcber die Region und Wandertouren. Es ist ein Babybett vorhanden und ein Hochstiel. Diese k\u00f6nnen f\u00fcr beide H\u00e4user kostenlos genutzt werden. Haustiere nur nach Absprache mit dem Besitzer.<\/p>\n<p>&nbsp;<\/p>\n<p>[\/et_pb_text][et_pb_divider color=&#8220;#afafaf&#8220; divider_weight=&#8220;1px&#8220; _builder_version=&#8220;3.2&#8243; max_width=&#8220;90%&#8220; module_alignment=&#8220;center&#8220; height=&#8220;0px&#8220; global_colors_info=&#8220;{}&#8220;]&nbsp;<br \/>\n[\/et_pb_divider][\/et_pb_column][\/et_pb_row][et_pb_row column_structure=&#8220;2_3,1_3&#8243; _builder_version=&#8220;3.25&#8243; background_color=&#8220;#ffffff&#8220; custom_padding=&#8220;0|0px|27px|0px&#8220; global_colors_info=&#8220;{}&#8220;][et_pb_column type=&#8220;2_3&#8243; _builder_version=&#8220;3.25&#8243; custom_padding=&#8220;|||&#8220; global_colors_info=&#8220;{}&#8220; custom_padding__hover=&#8220;|||&#8220;][et_pb_text _builder_version=&#8220;3.27.4&#8243; global_colors_info=&#8220;{}&#8220;]<\/p>\n<p class=\"art-postheader\"><strong>Die Ausstattung vom Am Sternberg 209:<\/strong><\/p>\n<p>Flur, Bad\/Dusche, WC mit Waschbecken, 2 ger\u00e4umige Schlafzimmer mit jeweils 2 Betten (Boxspring Matratzen) und einem Schrank\/Abstellraum. Das gem\u00fctliche Wohnzimmer verf\u00fcgt \u00fcber einen Holzofen, Fernseher mit deutschen und niederl\u00e4ndischen Sendern und Multimediatauglich. und Radio -cd Player. Es sind B\u00fccher vorhanden, sowie ein Ordner mit Wanderungen in der Umgebung. Die offene K\u00fcche ist komplett ausgestattet mit Geschirrsp\u00fcler, Kombi-Mikrowelle, Dunstabzugshabe. F\u00fcr beide H\u00e4user stehen Gartenm\u00f6bel und Grill zur Verf\u00fcgung. Das Haus verf\u00fcgt ebenfalls \u00fcber eine Luftheizung mit W\u00e4rmepumpe, die in den Sommermonaten als Klimaanlage benutzt werden kann. Das Haus verf\u00fcgt \u00fcber ein zus\u00e4tzliches Schlafsofa und bietet somit Platz f\u00fcr bis zu 6 Personen. Das Haus ist von der Stra\u00dfe \u00fcber eine Fu\u00dfg\u00e4ngerbr\u00fccke erreichbar und verf\u00fcgt \u00fcber einem ger\u00e4umigen, sonnigen Alkin mit einer Tiefe von 2,5 Metern und \u00fcber die Breite des Hauses.<\/p>\n<p>[\/et_pb_text][\/et_pb_column][et_pb_column type=&#8220;1_3&#8243; _builder_version=&#8220;3.25&#8243; custom_padding=&#8220;|||&#8220; global_colors_info=&#8220;{}&#8220; custom_padding__hover=&#8220;|||&#8220;][et_pb_gallery gallery_ids=&#8220;668,667,669&#8243; fullwidth=&#8220;on&#8220; _builder_version=&#8220;3.4.1&#8243; global_colors_info=&#8220;{}&#8220;]&nbsp;[\/et_pb_gallery][\/et_pb_column][\/et_pb_row][et_pb_row column_structure=&#8220;2_3,1_3&#8243; _builder_version=&#8220;3.25&#8243; background_color=&#8220;#ffffff&#8220; custom_padding=&#8220;0|0px|27px|0px&#8220; global_colors_info=&#8220;{}&#8220;][et_pb_column type=&#8220;2_3&#8243; _builder_version=&#8220;3.25&#8243; custom_padding=&#8220;|||&#8220; global_colors_info=&#8220;{}&#8220; custom_padding__hover=&#8220;|||&#8220;][et_pb_text _builder_version=&#8220;3.27.4&#8243; global_colors_info=&#8220;{}&#8220;]<\/p>\n<p class=\"art-postheader\"><strong>Die Ausstattung vom Am Sternberg 211:<\/strong><\/p>\n<p>Flur, Bad\/Dusche, WC mit Waschbecken, 2 ger\u00e4umige Schlafzimmer mit jeweils 2 Betten (Boxspring Matratzen) und einem Schrank\/Abstellraum. Das gem\u00fctliche Wohnzimmer verf\u00fcgt \u00fcber einen Holzofen, Fernseher mit deutschen und niederl\u00e4ndischen Sendern und Multimediatauglich und Radio -cd Player. Es sind B\u00fccher vorhanden, sowie ein Ordner mit Wanderungen in der Umgebung. Die offene K\u00fcche ist komplett ausgestattet mit Geschirrsp\u00fcler, Kombi-Mikrowelle, Dunstabzugshabe. F\u00fcr beide H\u00e4user stehen Gartenm\u00f6bel und Grill zur Verf\u00fcgung. Das Haus verf\u00fcgt ebenfalls \u00fcber eine Luftheizung mit W\u00e4rmepumpe, die in den Sommermonaten als Klimaanlage benutzt werden kann. Das Haus verf\u00fcgt \u00fcber ein zus\u00e4tzliches Schlafsofa und bietet somit Platz f\u00fcr bis zu 6 Personen. Auf der Terrasse finden Sie einen Picknicktisch. Sie d\u00fcrfen maximal 1 Hund (nach Absprache) f\u00fcr dieses Haus mitnehmen.<\/p>\n<p>[\/et_pb_text][\/et_pb_column][et_pb_column type=&#8220;1_3&#8243; _builder_version=&#8220;3.25&#8243; custom_padding=&#8220;|||&#8220; global_colors_info=&#8220;{}&#8220; custom_padding__hover=&#8220;|||&#8220;][\/et_pb_column][\/et_pb_row][et_pb_row column_structure=&#8220;1_3,1_3,1_3&#8243; _builder_version=&#8220;3.25&#8243; background_size=&#8220;initial&#8220; background_position=&#8220;top_left&#8220; background_repeat=&#8220;repeat&#8220; global_colors_info=&#8220;{}&#8220;][et_pb_column type=&#8220;1_3&#8243; _builder_version=&#8220;3.25&#8243; custom_padding=&#8220;|||&#8220; global_colors_info=&#8220;{}&#8220; custom_padding__hover=&#8220;|||&#8220;][et_pb_video src=&#8220;https:\/\/youtu.be\/HY0chEX-Pnc&#8220; _builder_version=&#8220;3.4.1&#8243; global_colors_info=&#8220;{}&#8220;][\/et_pb_video][\/et_pb_column][et_pb_column type=&#8220;1_3&#8243; _builder_version=&#8220;3.25&#8243; custom_padding=&#8220;|||&#8220; global_colors_info=&#8220;{}&#8220; custom_padding__hover=&#8220;|||&#8220;][et_pb_video src=&#8220;https:\/\/youtu.be\/l9aogSPc9lc&#8220; _builder_version=&#8220;3.4.1&#8243; global_colors_info=&#8220;{}&#8220;][\/et_pb_video][\/et_pb_column][et_pb_column type=&#8220;1_3&#8243; _builder_version=&#8220;3.25&#8243; custom_padding=&#8220;|||&#8220; global_colors_info=&#8220;{}&#8220; custom_padding__hover=&#8220;|||&#8220;][et_pb_video src=&#8220;https:\/\/youtu.be\/MQBnHsNIfJ0&#8243; _builder_version=&#8220;3.4.1&#8243; global_colors_info=&#8220;{}&#8220;][\/et_pb_video][\/et_pb_column][\/et_pb_row][\/et_pb_section]<\/p>\n","protected":false},"excerpt":{"rendered":"<p>0317 314 238Unser Ferienhaus Zu einem erschwinglichen Preis vermieten wir unser gepflegtes Luxus Ferienhaus, das im typischen Fachwerkstil gebaut ist und sich an einem der sch\u00f6nsten Orte im Park mit freiem Blick befindet. Das luxuri\u00f6se Ferienhaus ist in zwei gleich gro\u00dfe Wohnungen mit jeweils ca. 85m2 Wohnfl\u00e4che verteilt. Ideal f\u00fcr einen Urlaub mit zwei Familien. [&hellip;]<\/p>\n","protected":false},"author":1,"featured_media":0,"parent":0,"menu_order":0,"comment_status":"closed","ping_status":"closed","template":"","meta":{"_et_pb_use_builder":"on","_et_pb_old_content":"","_et_gb_content_width":"","footnotes":""},"class_list":["post-686","page","type-page","status-publish","hentry"],"_links":{"self":[{"href":"https:\/\/www.vakantiehuizenfrankenau.nl\/de\/wp-json\/wp\/v2\/pages\/686","targetHints":{"allow":["GET"]}}],"collection":[{"href":"https:\/\/www.vakantiehuizenfrankenau.nl\/de\/wp-json\/wp\/v2\/pages"}],"about":[{"href":"https:\/\/www.vakantiehuizenfrankenau.nl\/de\/wp-json\/wp\/v2\/types\/page"}],"author":[{"embeddable":true,"href":"https:\/\/www.vakantiehuizenfrankenau.nl\/de\/wp-json\/wp\/v2\/users\/1"}],"replies":[{"embeddable":true,"href":"https:\/\/www.vakantiehuizenfrankenau.nl\/de\/wp-json\/wp\/v2\/comments?post=686"}],"version-history":[{"count":3,"href":"https:\/\/www.vakantiehuizenfrankenau.nl\/de\/wp-json\/wp\/v2\/pages\/686\/revisions"}],"predecessor-version":[{"id":997,"href":"https:\/\/www.vakantiehuizenfrankenau.nl\/de\/wp-json\/wp\/v2\/pages\/686\/revisions\/997"}],"wp:attachment":[{"href":"https:\/\/www.vakantiehuizenfrankenau.nl\/de\/wp-json\/wp\/v2\/media?parent=686"}],"curies":[{"name":"wp","href":"https:\/\/api.w.org\/{rel}","templated":true}]}}